{"id":796,"date":"2021-10-09T21:25:16","date_gmt":"2021-10-09T21:25:16","guid":{"rendered":"http:\/\/bmpublicite.ch\/?page_id=796"},"modified":"2024-01-14T13:59:19","modified_gmt":"2024-01-14T13:59:19","slug":"entreprise","status":"publish","type":"page","link":"https:\/\/bmpublicite.ch\/index.php\/entreprise\/","title":{"rendered":"Historique"},"content":{"rendered":"<style>\/*! elementor - v3.6.5 - 27-04-2022 *\/\n.elementor-heading-title{padding:0;margin:0;line-height:1}.elementor-widget-heading .elementor-heading-title[class*=elementor-size-]>a{color:inherit;font-size:inherit;line-height:inherit}.elementor-widget-heading .elementor-heading-title.elementor-size-small{font-size:15px}.elementor-widget-heading .elementor-heading-title.elementor-size-medium{font-size:19px}.elementor-widget-heading .elementor-heading-title.elementor-size-large{font-size:29px}.elementor-widget-heading .elementor-heading-title.elementor-size-xl{font-size:39px}.elementor-widget-heading .elementor-heading-title.elementor-size-xxl{font-size:59px}<\/style>\n<p><font face=\"Arial, sans-serif\">Pour faire une communication visuelle qui ait un v\u00e9ritable impact, il est n\u00e9cessaire de la concevoir sur mesure. <\/font><br \/><font face=\"Arial, sans-serif\">En faisant la promotion de votre marque, cela aidera votre entreprise \u00e0 rencontrer de nouveaux clients.<\/font><\/p>\n<p style=\"margin-bottom:0cm;margin-bottom:.0001pt\">\n","protected":false},"excerpt":{"rendered":"<p>Pour faire une communication visuelle qui ait un v\u00e9ritable impact, il est n\u00e9cessaire de la concevoir sur mesure. En faisant la promotion de votre marque, cela aidera votre entreprise \u00e0 rencontrer de nouveaux clients.<\/p>\n","protected":false},"author":1,"featured_media":0,"parent":0,"menu_order":0,"comment_status":"closed","ping_status":"closed","template":"","meta":{"footnotes":""},"class_list":["post-796","page","type-page","status-publish","hentry"],"blocksy_meta":{"styles_descriptor":{"styles":{"desktop":"","tablet":"","mobile":""},"google_fonts":[],"version":6}},"_links":{"self":[{"href":"https:\/\/bmpublicite.ch\/index.php\/wp-json\/wp\/v2\/pages\/796","targetHints":{"allow":["GET"]}}],"collection":[{"href":"https:\/\/bmpublicite.ch\/index.php\/wp-json\/wp\/v2\/pages"}],"about":[{"href":"https:\/\/bmpublicite.ch\/index.php\/wp-json\/wp\/v2\/types\/page"}],"author":[{"embeddable":true,"href":"https:\/\/bmpublicite.ch\/index.php\/wp-json\/wp\/v2\/users\/1"}],"replies":[{"embeddable":true,"href":"https:\/\/bmpublicite.ch\/index.php\/wp-json\/wp\/v2\/comments?post=796"}],"version-history":[{"count":9,"href":"https:\/\/bmpublicite.ch\/index.php\/wp-json\/wp\/v2\/pages\/796\/revisions"}],"predecessor-version":[{"id":867,"href":"https:\/\/bmpublicite.ch\/index.php\/wp-json\/wp\/v2\/pages\/796\/revisions\/867"}],"wp:attachment":[{"href":"https:\/\/bmpublicite.ch\/index.php\/wp-json\/wp\/v2\/media?parent=796"}],"curies":[{"name":"wp","href":"https:\/\/api.w.org\/{rel}","templated":true}]}}